{"id":3188,"date":"2020-03-17T16:09:31","date_gmt":"2020-03-17T16:09:31","guid":{"rendered":"https:\/\/businessnewshungary.hu\/harmonia\/?page_id=3188"},"modified":"2025-02-10T15:11:16","modified_gmt":"2025-02-10T15:11:16","slug":"hazirend","status":"publish","type":"page","link":"https:\/\/businessnewshungary.hu\/harmonia\/hazirend\/","title":{"rendered":"H\u00e1zirend L\u00e1togat\u00f3k Sz\u00e1m\u00e1ra"},"content":{"rendered":"<div id=\"pl-3188\"  class=\"panel-layout\" ><div id=\"pg-3188-0\"  class=\"panel-grid panel-has-style\" ><div class=\"siteorigin-panels-stretch iw-large panel-row-style panel-row-style-for-3188-0\" style=\"padding: 100px 0; \" data-stretch-type=\"full-stretched\" data-overlay=\"true\" data-overlay-color=\"#000000\" ><div id=\"pgc-3188-0-0\"  class=\"panel-grid-cell\" ><div id=\"panel-3188-0-0-0\" class=\"so-panel widget widget_sow-hero panel-first-child panel-last-child\" data-index=\"0\" ><div class=\"hero-section panel-widget-style panel-widget-style-for-3188-0-0-0\" style=\"text-align: left;\" id=\"hero-section\" data-title-color=\"#ffffff\" data-headings-color=\"#ffffff\" ><div\n\t\t\t\n\t\t\tclass=\"so-widget-sow-hero so-widget-sow-hero-default-2edf26482e73-3188 so-widget-fittext-wrapper\"\n\t\t\t data-fit-text-compressor=\"0.85\"\n\t\t>\t\t\t\t<div class=\"sow-slider-base\" style=\"display: none\" tabindex=\"0\">\n\t\t\t\t\t<ul\n\t\t\t\t\tclass=\"sow-slider-images\"\n\t\t\t\t\tdata-settings=\"{&quot;pagination&quot;:true,&quot;speed&quot;:800,&quot;timeout&quot;:8000,&quot;paused&quot;:false,&quot;pause_on_hover&quot;:false,&quot;swipe&quot;:false,&quot;nav_always_show_desktop&quot;:&quot;&quot;,&quot;nav_always_show_mobile&quot;:&quot;&quot;,&quot;breakpoint&quot;:&quot;780px&quot;,&quot;unmute&quot;:false,&quot;anchor&quot;:null}\"\n\t\t\t\t\tstyle=\"min-height: 100vh\"\t\t\t\t\tdata-anchor-id=\"\"\n\t\t\t\t>\t\t<li class=\"sow-slider-image  sow-slider-image-cover\" style=\"visibility: visible;;background-color: #333333;background-image: url(https:\/\/businessnewshungary.hu\/harmonia\/wp-content\/uploads\/2022\/09\/good_impact_008.jpeg)\" >\n\t\t\t\t\t<div class=\"sow-slider-image-container\">\n\t\t\t<div class=\"sow-slider-image-wrapper\">\n\t\t\t\t<h1>H\u00e1zirend L\u00e1togat\u00f3k Sz\u00e1m\u00e1ra<\/h1>\n<p>&nbsp;<\/p>\n<p style=\"text-align: right\">\n<\/p>\t\t\t<\/div>\n\t\t<\/div>\n\t\t\t\t<\/li>\n\t\t<\/ul>\t\t\t\t<ol class=\"sow-slider-pagination\">\n\t\t\t\t\t\t\t\t\t\t\t<li><a href=\"#\" data-goto=\"0\" aria-label=\"Display slide 1\"><\/a><\/li>\n\t\t\t\t\t\t\t\t\t<\/ol>\n\n\t\t\t\t<div class=\"sow-slide-nav sow-slide-nav-next\">\n\t\t\t\t\t<a href=\"#\" data-goto=\"next\" aria-label=\"Next slide\" data-action=\"next\">\n\t\t\t\t\t\t<em class=\"sow-sld-icon-thin-right\"><\/em>\n\t\t\t\t\t<\/a>\n\t\t\t\t<\/div>\n\n\t\t\t\t<div class=\"sow-slide-nav sow-slide-nav-prev\">\n\t\t\t\t\t<a href=\"#\" data-goto=\"previous\" aria-label=\"Previous slide\" data-action=\"prev\">\n\t\t\t\t\t\t<em class=\"sow-sld-icon-thin-left\"><\/em>\n\t\t\t\t\t<\/a>\n\t\t\t\t<\/div>\n\t\t\t\t<\/div><\/div><\/div><\/div><\/div><\/div><\/div><div id=\"pg-3188-1\"  class=\"panel-grid panel-has-style\" ><div class=\"siteorigin-panels-stretch iw-med-dw panel-row-style panel-row-style-for-3188-1\" style=\"padding: 100px 0; \" data-stretch-type=\"full-stretched\" data-overlay=\"true\" data-overlay-color=\"#000000\" ><div id=\"pgc-3188-1-0\"  class=\"panel-grid-cell\" ><div id=\"panel-3188-1-0-0\" class=\"so-panel widget widget_sow-hero panel-first-child panel-last-child\" data-index=\"1\" ><div class=\"hero-section panel-widget-style panel-widget-style-for-3188-1-0-0\" style=\"text-align: left;\" id=\"hero-section\" data-title-color=\"#ffffff\" data-headings-color=\"#ffffff\" ><div\n\t\t\t\n\t\t\tclass=\"so-widget-sow-hero so-widget-sow-hero-default-2edf26482e73-3188 so-widget-fittext-wrapper\"\n\t\t\t data-fit-text-compressor=\"0.85\"\n\t\t>\t\t\t\t<div class=\"sow-slider-base\" style=\"display: none\" tabindex=\"0\">\n\t\t\t\t\t<ul\n\t\t\t\t\tclass=\"sow-slider-images\"\n\t\t\t\t\tdata-settings=\"{&quot;pagination&quot;:true,&quot;speed&quot;:800,&quot;timeout&quot;:8000,&quot;paused&quot;:false,&quot;pause_on_hover&quot;:false,&quot;swipe&quot;:false,&quot;nav_always_show_desktop&quot;:&quot;&quot;,&quot;nav_always_show_mobile&quot;:&quot;&quot;,&quot;breakpoint&quot;:&quot;780px&quot;,&quot;unmute&quot;:false,&quot;anchor&quot;:null}\"\n\t\t\t\t\tstyle=\"min-height: 100vh\"\t\t\t\t\tdata-anchor-id=\"\"\n\t\t\t\t>\t\t<li class=\"sow-slider-image  sow-slider-image-cover\" style=\"visibility: visible;;background-color: #333333;background-image: url(https:\/\/businessnewshungary.hu\/harmonia\/wp-content\/uploads\/2022\/09\/good_impact_008.jpeg)\" >\n\t\t\t\t\t<div class=\"sow-slider-image-container\">\n\t\t\t<div class=\"sow-slider-image-wrapper\">\n\t\t\t\t<h1>H\u00e1zirend L\u00e1togat\u00f3k Sz\u00e1m\u00e1ra<\/h1>\n<p style=\"text-align: right\">\n<\/p>\t\t\t<\/div>\n\t\t<\/div>\n\t\t\t\t<\/li>\n\t\t<\/ul>\t\t\t\t<ol class=\"sow-slider-pagination\">\n\t\t\t\t\t\t\t\t\t\t\t<li><a href=\"#\" data-goto=\"0\" aria-label=\"Display slide 1\"><\/a><\/li>\n\t\t\t\t\t\t\t\t\t<\/ol>\n\n\t\t\t\t<div class=\"sow-slide-nav sow-slide-nav-next\">\n\t\t\t\t\t<a href=\"#\" data-goto=\"next\" aria-label=\"Next slide\" data-action=\"next\">\n\t\t\t\t\t\t<em class=\"sow-sld-icon-thin-right\"><\/em>\n\t\t\t\t\t<\/a>\n\t\t\t\t<\/div>\n\n\t\t\t\t<div class=\"sow-slide-nav sow-slide-nav-prev\">\n\t\t\t\t\t<a href=\"#\" data-goto=\"previous\" aria-label=\"Previous slide\" data-action=\"prev\">\n\t\t\t\t\t\t<em class=\"sow-sld-icon-thin-left\"><\/em>\n\t\t\t\t\t<\/a>\n\t\t\t\t<\/div>\n\t\t\t\t<\/div><\/div><\/div><\/div><\/div><\/div><\/div><div id=\"pg-3188-2\"  class=\"panel-grid panel-has-style\" ><div style=\"padding: 100px 0; \" data-overlay=\"true\" data-overlay-color=\"#000000\" class=\"panel-row-style panel-row-style-for-3188-2\" ><div id=\"pgc-3188-2-0\"  class=\"panel-grid-cell\" ><div id=\"panel-3188-2-0-0\" class=\"so-panel widget widget_sow-editor panel-first-child panel-last-child\" data-index=\"2\" ><div class=\"aos-init panel-widget-style panel-widget-style-for-3188-2-0-0\" style=\"text-align: left;\" data-aos=\"fade\" data-aos-duration=\"900\" data-aos-easing=\"ease-out-cubic\" data-aos-delay=\"300\" data-aos-anchor-placement=\"top-bottom\" data-aos-once=\"false\" id=\"karrier-szekcio\" data-title-color=\"#443f3f\" data-headings-color=\"#443f3f\" ><div\n\t\t\t\n\t\t\tclass=\"so-widget-sow-editor so-widget-sow-editor-base\"\n\t\t\t\n\t\t>\n<div class=\"siteorigin-widget-tinymce textwidget\">\n\t<h1 style=\"text-align: center;\">H\u00e1zirend L\u00e1togat\u00f3k Sz\u00e1m\u00e1ra<\/h1>\n<p>&nbsp;<\/p>\n<h4>M\u0170EML\u00c9KV\u00c9DELEM \u00c9S FENNTARTHAT\u00d3S\u00c1G<\/h4>\n<p>\u00d3vjuk a m\u00faltat, a jelent \u00e9s a j\u00f6v\u0151t! A Nemzeti M\u00fazeum szomsz\u00e9ds\u00e1g\u00e1ban tal\u00e1lhat\u00f3 Harm\u00f3nia Palot\u00e1t Ybl Mikl\u00f3s tervei alapj\u00e1n Pucher J\u00f3zsef \u00e9p\u00edtette 1870-ben B\u00f3kay J\u00e1nos orvosprofesszor sz\u00e1m\u00e1ra, aki a korszer\u0171 magyar gyermekorvosl\u00e1s megteremt\u0151je volt. Az elm\u00falt 150 \u00e9vben t\u00f6bb h\u00edres lak\u00f3ja volt a h\u00e1znak, mint p\u00e9ld\u00e1ul Lotz K\u00e1roly, fest\u0151m\u0171v\u00e9sz \u00e9s Herczeg Ferenc, Nobel-d\u00edjra jel\u00f6lt \u00edr\u00f3. Sz\u00edv\u00fcgy\u00fcnk, hogy a nagy m\u00falt\u00fa \u00e9p\u00fclet meg\u0151rizze t\u00f6rt\u00e9nelmi mivolt\u00e1t \u00e9s tov\u00e1bbra is magas szellemi min\u0151s\u00e9get k\u00e9pviseljen. Ez\u00e9rt tisztelettel k\u00e9rj\u00fcnk minden rendezv\u00e9ny r\u00e9sztvev\u0151j\u00e9t, hogy a Harm\u00f3nia Palot\u00e1t a m\u0171eml\u00e9kv\u00e9delem \u00e9s a fenntarthat\u00f3s\u00e1g szellemis\u00e9g\u00e9ben l\u00e1togassa.<\/p>\n<h4>NYITVATART\u00c1S<\/h4>\n<p>Rendezv\u00e9nyk\u00f6zpontunk 9 \u00e9s 21 \u00f3ra k\u00f6z\u00f6tt tart nyitva. Kapunyit\u00e1s legkor\u00e1bban reggel 9 \u00f3r\u00e1t\u00f3l t\u00f6rt\u00e9nik. K\u00e9rj\u00fck, hogy a kor\u00e1n \u00e9rkez\u0151k a bej\u00e1rati kapu el\u0151tt vagy a M\u00fazeumkertben v\u00e1rakozzanak \u00e9s ne zavarj\u00e1k az \u00e9p\u00fclet vend\u00e9geinek a nyugalm\u00e1t zajjal. A nyitvatart\u00e1s v\u00e1ltoz\u00e1s\u00e1nak jog\u00e1t fenntartjuk.<\/p>\n<h4>PARKOL\u00c1S \u2013 AUT\u00d3\/ BICIKLI\/ROLLER<\/h4>\n<p>Aut\u00f3val \u00e9rkez\u0151 l\u00e1togat\u00f3ink a h\u00e1ts\u00f3 udvarunkon tal\u00e1lhat\u00f3 k\u00fclt\u00e9ri parkol\u00f3t ig\u00e9nybe vehetik legkor\u00e1bban reggel 9 \u00f3r\u00e1t\u00f3l a rendezv\u00e9ny v\u00e9g\u00e9ig 5000 Ft\/aut\u00f3 napid\u00edj vagy 600 Ft\/\u00f3ra d\u00edj ellen\u00e9ben. Foglal\u00e1s sz\u00fcks\u00e9ges (hello@harmoniapalace.com). Biciklivel vagy rollerrel \u00e9rkez\u0151k saj\u00e1t felel\u0151ss\u00e9ggel ingyenesen t\u00e1rolhatj\u00e1k k\u00f6zleked\u00e9si eszk\u00f6zeiket a h\u00e1ts\u00f3 udvaron tal\u00e1lhat\u00f3 nyitott ker\u00e9kp\u00e1rt\u00e1rol\u00f3ban.<\/p>\n<h4>L\u00c1TOGAT\u00c1S<\/h4>\n<p>A Harm\u00f3nia Palota \u00e9p\u00fclet\u00e9be \u00e1llatot (kiv\u00e9ve vakvezet\u0151 kuty\u00e1t), k\u00f6zleked\u00e9si eszk\u00f6zt (rollert, ker\u00e9kp\u00e1rt babakocsit stb.), eg\u00e9szs\u00e9gre, testi \u00e9ps\u00e9gre, \u00e9letre vesz\u00e9lyes t\u00e1rgyat vagy anyagot behozni tilos.<\/p>\n<h4>M\u0170EML\u00c9KV\u00c9DELEM<\/h4>\n<p>A l\u00e1togat\u00f3 k\u00f6teles a tisztas\u00e1gra \u00fcgyelni \u00e9s a Harm\u00f3nia Palota helyis\u00e9geit rendeltet\u00e9s\u00fcknek megfelel\u0151en haszn\u00e1lni, tov\u00e1bb\u00e1 \u00f3vni \u00e9s az el\u0151\u00edr\u00e1soknak megfelel\u0151en kezelni az \u00e9p\u00fcletben tal\u00e1lhat\u00f3 eszk\u00f6z\u00f6ket, berendez\u00e9seket \u00e9s mag\u00e1t az \u00e9p\u00fcletet. A l\u00e1togat\u00f3 rong\u00e1l\u00e1s eset\u00e9n k\u00e1rt\u00e9r\u00edt\u00e9st fizet.<\/p>\n<h4>DOH\u00c1NYZ\u00c1S<\/h4>\n<p>Az \u00e9p\u00fclet eg\u00e9sz ter\u00fclet\u00e9n \u00e9s a bej\u00e1rat 5 m\u00e9teres k\u00f6rzet\u00e9ben tilos a doh\u00e1nyz\u00e1s (cigaretta, szivar, e-cigaretta, vape stb.) Doh\u00e1nyozni csak az erre kijel\u00f6lt helyen a h\u00e1ts\u00f3 udvaron tal\u00e1lhat\u00f3 parkol\u00f3ban lehet. K\u00e9rj\u00fck, a csikkeket az elhelyezett hamut\u00e1lc\u00e1kba dobni.<\/p>\n<h4>IR\u00c1NYELV I. \u2013 FENNTARTHAT\u00d3S\u00c1G<\/h4>\n<p>A hullad\u00e9kmennyis\u00e9g cs\u00f6kkent\u00e9se \u00e9rdek\u00e9ben a Harm\u00f3nia Palota szelekt\u00edv hullad\u00e9kgy\u0171jt\u0151t \u00e9s tiszt\u00edtott vizet biztos\u00edt minden rendezv\u00e9nyhez. K\u00e9rj\u00fck, \u00e9ljenek a lehet\u0151s\u00e9ggel \u00e9s seg\u00edts\u00e9k a munk\u00e1nkat!<\/p>\n<h4>IR\u00c1NYELV II. \u2013 K\u00d6LCS\u00d6N\u00d6S TISZTELET<\/h4>\n<p>K\u00e9rj\u00fck, az esem\u00e9nyre pontosan \u00e9rkezzenek, az el\u0151ad\u00f3termekben csak a legsz\u00fcks\u00e9gesebbet hozz\u00e1k magukkal \u00e9s szem\u00e9lyenk\u00e9nt egy sz\u00e9ket haszn\u00e1ljanak. Tov\u00e1bb\u00e1 az ev\u00e9st \u00e9s az iv\u00e1st az el\u0151ad\u00f3termekben mell\u0151zz\u00e9k, \u00e9s csak az arra kijel\u00f6lt helyen \u00e9tkezzenek.<\/p>\n<p><strong>A l\u00e1togat\u00f3 a rendezv\u00e9nyen val\u00f3 megjelen\u00e9s\u00e9vel automatikus elfogadja a h\u00e1zirendet. A h\u00e1zirend megs\u00e9rt\u00e9se a tov\u00e1bbi tart\u00f3zkod\u00e1s megtagad\u00e1s\u00e1t vonhatja maga ut\u00e1n. K\u00f6sz\u00f6nj\u00fck el\u0151re is az egy\u00fcttm\u0171k\u00f6d\u00e9st!<\/strong><\/p>\n<p>Harm\u00f3nia Palota Csapata<\/p>\n<\/div>\n<\/div><\/div><\/div><\/div><\/div><\/div><\/div>","protected":false},"excerpt":{"rendered":"<p>H\u00e1zirend L\u00e1togat\u00f3k Sz\u00e1m\u00e1ra &nbsp; H\u00e1zirend L\u00e1togat\u00f3k Sz\u00e1m\u00e1ra H\u00e1zirend L\u00e1togat\u00f3k Sz\u00e1m\u00e1ra &nbsp; M\u0170EML\u00c9KV\u00c9DELEM \u00c9S FENNTARTHAT\u00d3S\u00c1G \u00d3vjuk a m\u00faltat, a jelent \u00e9s a j\u00f6v\u0151t! A Nemzeti M\u00fazeum szomsz\u00e9ds\u00e1g\u00e1ban tal\u00e1lhat\u00f3 Harm\u00f3nia Palot\u00e1t Ybl Mikl\u00f3s tervei alapj\u00e1n Pucher J\u00f3zsef \u00e9p\u00edtette 1870-ben B\u00f3kay J\u00e1nos orvosprofesszor sz\u00e1m\u00e1ra, aki a korszer\u0171 magyar [&hellip;]<\/p>\n","protected":false},"author":3,"featured_media":5562,"parent":0,"menu_order":0,"comment_status":"closed","ping_status":"closed","template":"page-templates\/page_fullwidth.php","meta":{"footnotes":""},"class_list":["post-3188","page","type-page","status-publish","has-post-thumbnail","hentry"],"yoast_head":"<!-- This site is optimized with the Yoast SEO plugin v24.8.1 - https:\/\/yoast.com\/wordpress\/plugins\/seo\/ -->\n<title>H\u00e1zirend L\u00e1togat\u00f3k Sz\u00e1m\u00e1ra - Harm\u00f3nia Palota<\/title>\n<meta name=\"robots\" content=\"index, follow, max-snippet:-1, max-image-preview:large, max-video-preview:-1\" \/>\n<link rel=\"canonical\" href=\"https:\/\/businessnewshungary.hu\/harmonia\/hazirend\/\" \/>\n<meta property=\"og:locale\" content=\"hu_HU\" \/>\n<meta property=\"og:type\" content=\"article\" \/>\n<meta property=\"og:title\" content=\"H\u00e1zirend L\u00e1togat\u00f3k Sz\u00e1m\u00e1ra - Harm\u00f3nia Palota\" \/>\n<meta property=\"og:description\" content=\"H\u00e1zirend L\u00e1togat\u00f3k Sz\u00e1m\u00e1ra &nbsp; H\u00e1zirend L\u00e1togat\u00f3k Sz\u00e1m\u00e1ra H\u00e1zirend L\u00e1togat\u00f3k Sz\u00e1m\u00e1ra &nbsp; M\u0170EML\u00c9KV\u00c9DELEM \u00c9S FENNTARTHAT\u00d3S\u00c1G \u00d3vjuk a m\u00faltat, a jelent \u00e9s a j\u00f6v\u0151t! A Nemzeti M\u00fazeum szomsz\u00e9ds\u00e1g\u00e1ban tal\u00e1lhat\u00f3 Harm\u00f3nia Palot\u00e1t Ybl Mikl\u00f3s tervei alapj\u00e1n Pucher J\u00f3zsef \u00e9p\u00edtette 1870-ben B\u00f3kay J\u00e1nos orvosprofesszor sz\u00e1m\u00e1ra, aki a korszer\u0171 magyar [&hellip;]\" \/>\n<meta property=\"og:url\" content=\"https:\/\/businessnewshungary.hu\/harmonia\/hazirend\/\" \/>\n<meta property=\"og:site_name\" content=\"Harm\u00f3nia Palota\" \/>\n<meta property=\"article:modified_time\" content=\"2025-02-10T15:11:16+00:00\" \/>\n<meta property=\"og:image\" content=\"https:\/\/businessnewshungary.hu\/harmonia\/wp-content\/uploads\/2022\/09\/good_impact_008.jpeg\" \/>\n\t<meta property=\"og:image:width\" content=\"1893\" \/>\n\t<meta property=\"og:image:height\" content=\"1262\" \/>\n\t<meta property=\"og:image:type\" content=\"image\/jpeg\" \/>\n<meta name=\"twitter:card\" content=\"summary_large_image\" \/>\n<meta name=\"twitter:label1\" content=\"Becs\u00fclt olvas\u00e1si id\u0151\" \/>\n\t<meta name=\"twitter:data1\" content=\"3 perc\" \/>\n<script type=\"application\/ld+json\" class=\"yoast-schema-graph\">{\"@context\":\"https:\/\/schema.org\",\"@graph\":[{\"@type\":\"WebPage\",\"@id\":\"https:\/\/businessnewshungary.hu\/harmonia\/hazirend\/\",\"url\":\"https:\/\/businessnewshungary.hu\/harmonia\/hazirend\/\",\"name\":\"H\u00e1zirend L\u00e1togat\u00f3k Sz\u00e1m\u00e1ra - Harm\u00f3nia Palota\",\"isPartOf\":{\"@id\":\"https:\/\/businessnewshungary.hu\/harmonia\/#website\"},\"primaryImageOfPage\":{\"@id\":\"https:\/\/businessnewshungary.hu\/harmonia\/hazirend\/#primaryimage\"},\"image\":{\"@id\":\"https:\/\/businessnewshungary.hu\/harmonia\/hazirend\/#primaryimage\"},\"thumbnailUrl\":\"https:\/\/businessnewshungary.hu\/harmonia\/wp-content\/uploads\/2022\/09\/good_impact_008.jpeg\",\"datePublished\":\"2020-03-17T16:09:31+00:00\",\"dateModified\":\"2025-02-10T15:11:16+00:00\",\"breadcrumb\":{\"@id\":\"https:\/\/businessnewshungary.hu\/harmonia\/hazirend\/#breadcrumb\"},\"inLanguage\":\"hu\",\"potentialAction\":[{\"@type\":\"ReadAction\",\"target\":[\"https:\/\/businessnewshungary.hu\/harmonia\/hazirend\/\"]}]},{\"@type\":\"ImageObject\",\"inLanguage\":\"hu\",\"@id\":\"https:\/\/businessnewshungary.hu\/harmonia\/hazirend\/#primaryimage\",\"url\":\"https:\/\/businessnewshungary.hu\/harmonia\/wp-content\/uploads\/2022\/09\/good_impact_008.jpeg\",\"contentUrl\":\"https:\/\/businessnewshungary.hu\/harmonia\/wp-content\/uploads\/2022\/09\/good_impact_008.jpeg\",\"width\":1893,\"height\":1262},{\"@type\":\"BreadcrumbList\",\"@id\":\"https:\/\/businessnewshungary.hu\/harmonia\/hazirend\/#breadcrumb\",\"itemListElement\":[{\"@type\":\"ListItem\",\"position\":1,\"name\":\"Home\",\"item\":\"https:\/\/businessnewshungary.hu\/harmonia\/\"},{\"@type\":\"ListItem\",\"position\":2,\"name\":\"H\u00e1zirend L\u00e1togat\u00f3k Sz\u00e1m\u00e1ra\"}]},{\"@type\":\"WebSite\",\"@id\":\"https:\/\/businessnewshungary.hu\/harmonia\/#website\",\"url\":\"https:\/\/businessnewshungary.hu\/harmonia\/\",\"name\":\"Harm\u00f3nia Palota\",\"description\":\"Luxus Apartmanok, Rendezv\u00e9nytermek\",\"potentialAction\":[{\"@type\":\"SearchAction\",\"target\":{\"@type\":\"EntryPoint\",\"urlTemplate\":\"https:\/\/businessnewshungary.hu\/harmonia\/?s={search_term_string}\"},\"query-input\":{\"@type\":\"PropertyValueSpecification\",\"valueRequired\":true,\"valueName\":\"search_term_string\"}}],\"inLanguage\":\"hu\"}]}<\/script>\n<!-- \/ Yoast SEO plugin. -->","yoast_head_json":{"title":"H\u00e1zirend L\u00e1togat\u00f3k Sz\u00e1m\u00e1ra - Harm\u00f3nia Palota","robots":{"index":"index","follow":"follow","max-snippet":"max-snippet:-1","max-image-preview":"max-image-preview:large","max-video-preview":"max-video-preview:-1"},"canonical":"https:\/\/businessnewshungary.hu\/harmonia\/hazirend\/","og_locale":"hu_HU","og_type":"article","og_title":"H\u00e1zirend L\u00e1togat\u00f3k Sz\u00e1m\u00e1ra - Harm\u00f3nia Palota","og_description":"H\u00e1zirend L\u00e1togat\u00f3k Sz\u00e1m\u00e1ra &nbsp; H\u00e1zirend L\u00e1togat\u00f3k Sz\u00e1m\u00e1ra H\u00e1zirend L\u00e1togat\u00f3k Sz\u00e1m\u00e1ra &nbsp; M\u0170EML\u00c9KV\u00c9DELEM \u00c9S FENNTARTHAT\u00d3S\u00c1G \u00d3vjuk a m\u00faltat, a jelent \u00e9s a j\u00f6v\u0151t! A Nemzeti M\u00fazeum szomsz\u00e9ds\u00e1g\u00e1ban tal\u00e1lhat\u00f3 Harm\u00f3nia Palot\u00e1t Ybl Mikl\u00f3s tervei alapj\u00e1n Pucher J\u00f3zsef \u00e9p\u00edtette 1870-ben B\u00f3kay J\u00e1nos orvosprofesszor sz\u00e1m\u00e1ra, aki a korszer\u0171 magyar [&hellip;]","og_url":"https:\/\/businessnewshungary.hu\/harmonia\/hazirend\/","og_site_name":"Harm\u00f3nia Palota","article_modified_time":"2025-02-10T15:11:16+00:00","og_image":[{"width":1893,"height":1262,"url":"https:\/\/businessnewshungary.hu\/harmonia\/wp-content\/uploads\/2022\/09\/good_impact_008.jpeg","type":"image\/jpeg"}],"twitter_card":"summary_large_image","twitter_misc":{"Becs\u00fclt olvas\u00e1si id\u0151":"3 perc"},"schema":{"@context":"https:\/\/schema.org","@graph":[{"@type":"WebPage","@id":"https:\/\/businessnewshungary.hu\/harmonia\/hazirend\/","url":"https:\/\/businessnewshungary.hu\/harmonia\/hazirend\/","name":"H\u00e1zirend L\u00e1togat\u00f3k Sz\u00e1m\u00e1ra - Harm\u00f3nia Palota","isPartOf":{"@id":"https:\/\/businessnewshungary.hu\/harmonia\/#website"},"primaryImageOfPage":{"@id":"https:\/\/businessnewshungary.hu\/harmonia\/hazirend\/#primaryimage"},"image":{"@id":"https:\/\/businessnewshungary.hu\/harmonia\/hazirend\/#primaryimage"},"thumbnailUrl":"https:\/\/businessnewshungary.hu\/harmonia\/wp-content\/uploads\/2022\/09\/good_impact_008.jpeg","datePublished":"2020-03-17T16:09:31+00:00","dateModified":"2025-02-10T15:11:16+00:00","breadcrumb":{"@id":"https:\/\/businessnewshungary.hu\/harmonia\/hazirend\/#breadcrumb"},"inLanguage":"hu","potentialAction":[{"@type":"ReadAction","target":["https:\/\/businessnewshungary.hu\/harmonia\/hazirend\/"]}]},{"@type":"ImageObject","inLanguage":"hu","@id":"https:\/\/businessnewshungary.hu\/harmonia\/hazirend\/#primaryimage","url":"https:\/\/businessnewshungary.hu\/harmonia\/wp-content\/uploads\/2022\/09\/good_impact_008.jpeg","contentUrl":"https:\/\/businessnewshungary.hu\/harmonia\/wp-content\/uploads\/2022\/09\/good_impact_008.jpeg","width":1893,"height":1262},{"@type":"BreadcrumbList","@id":"https:\/\/businessnewshungary.hu\/harmonia\/hazirend\/#breadcrumb","itemListElement":[{"@type":"ListItem","position":1,"name":"Home","item":"https:\/\/businessnewshungary.hu\/harmonia\/"},{"@type":"ListItem","position":2,"name":"H\u00e1zirend L\u00e1togat\u00f3k Sz\u00e1m\u00e1ra"}]},{"@type":"WebSite","@id":"https:\/\/businessnewshungary.hu\/harmonia\/#website","url":"https:\/\/businessnewshungary.hu\/harmonia\/","name":"Harm\u00f3nia Palota","description":"Luxus Apartmanok, Rendezv\u00e9nytermek","potentialAction":[{"@type":"SearchAction","target":{"@type":"EntryPoint","urlTemplate":"https:\/\/businessnewshungary.hu\/harmonia\/?s={search_term_string}"},"query-input":{"@type":"PropertyValueSpecification","valueRequired":true,"valueName":"search_term_string"}}],"inLanguage":"hu"}]}},"_links":{"self":[{"href":"https:\/\/businessnewshungary.hu\/harmonia\/wp-json\/wp\/v2\/pages\/3188","targetHints":{"allow":["GET"]}}],"collection":[{"href":"https:\/\/businessnewshungary.hu\/harmonia\/wp-json\/wp\/v2\/pages"}],"about":[{"href":"https:\/\/businessnewshungary.hu\/harmonia\/wp-json\/wp\/v2\/types\/page"}],"author":[{"embeddable":true,"href":"https:\/\/businessnewshungary.hu\/harmonia\/wp-json\/wp\/v2\/users\/3"}],"replies":[{"embeddable":true,"href":"https:\/\/businessnewshungary.hu\/harmonia\/wp-json\/wp\/v2\/comments?post=3188"}],"version-history":[{"count":25,"href":"https:\/\/businessnewshungary.hu\/harmonia\/wp-json\/wp\/v2\/pages\/3188\/revisions"}],"predecessor-version":[{"id":6409,"href":"https:\/\/businessnewshungary.hu\/harmonia\/wp-json\/wp\/v2\/pages\/3188\/revisions\/6409"}],"wp:featuredmedia":[{"embeddable":true,"href":"https:\/\/businessnewshungary.hu\/harmonia\/wp-json\/wp\/v2\/media\/5562"}],"wp:attachment":[{"href":"https:\/\/businessnewshungary.hu\/harmonia\/wp-json\/wp\/v2\/media?parent=3188"}],"curies":[{"name":"wp","href":"https:\/\/api.w.org\/{rel}","templated":true}]}}