{"id":41,"date":"2019-10-06T09:45:27","date_gmt":"2019-10-06T09:45:27","guid":{"rendered":"https:\/\/businessnewshungary.hu\/harmonia\/?page_id=41"},"modified":"2020-05-16T15:55:57","modified_gmt":"2020-05-16T15:55:57","slug":"kapcsolat","status":"publish","type":"page","link":"https:\/\/businessnewshungary.hu\/harmonia\/kapcsolat\/","title":{"rendered":"Kapcsolat"},"content":{"rendered":"<div id=\"pl-41\"  class=\"panel-layout\" ><div id=\"pg-41-0\"  class=\"panel-grid panel-has-style\" ><div class=\"siteorigin-panels-stretch iw-large panel-row-style panel-row-style-for-41-0\" style=\"padding: 100px 0; \" data-stretch-type=\"full-stretched\" data-overlay=\"true\" data-overlay-color=\"#000000\" ><div id=\"pgc-41-0-0\"  class=\"panel-grid-cell\" ><div id=\"panel-41-0-0-0\" class=\"so-panel widget widget_sow-hero panel-first-child panel-last-child\" data-index=\"0\" ><div class=\"hero-section panel-widget-style panel-widget-style-for-41-0-0-0\" style=\"text-align: left;\" id=\"hero-section\" data-title-color=\"#ffffff\" data-headings-color=\"#ffffff\" ><div\n\t\t\t\n\t\t\tclass=\"so-widget-sow-hero so-widget-sow-hero-default-2edf26482e73-41 so-widget-fittext-wrapper\"\n\t\t\t data-fit-text-compressor=\"0.85\"\n\t\t>\t\t\t\t<div class=\"sow-slider-base\" style=\"display: none\" tabindex=\"0\">\n\t\t\t\t\t<ul\n\t\t\t\t\tclass=\"sow-slider-images\"\n\t\t\t\t\tdata-settings=\"{&quot;pagination&quot;:true,&quot;speed&quot;:800,&quot;timeout&quot;:8000,&quot;paused&quot;:false,&quot;pause_on_hover&quot;:false,&quot;swipe&quot;:true,&quot;nav_always_show_desktop&quot;:&quot;&quot;,&quot;nav_always_show_mobile&quot;:&quot;&quot;,&quot;breakpoint&quot;:&quot;780px&quot;,&quot;unmute&quot;:false,&quot;anchor&quot;:null}\"\n\t\t\t\t\tstyle=\"min-height: 100vh\"\t\t\t\t\tdata-anchor-id=\"\"\n\t\t\t\t>\t\t<li class=\"sow-slider-image  sow-slider-image-cover\" style=\"visibility: visible;;background-color: #333333;background-image: url(https:\/\/businessnewshungary.hu\/harmonia\/wp-content\/uploads\/2020\/01\/bg-contact-j.jpg)\" >\n\t\t\t\t\t<div class=\"sow-slider-image-container\">\n\t\t\t<div class=\"sow-slider-image-wrapper\">\n\t\t\t\t<h1>Kapcsolat<\/h1>\n\t\t\t<\/div>\n\t\t<\/div>\n\t\t\t\t<\/li>\n\t\t<\/ul>\t\t\t\t<ol class=\"sow-slider-pagination\">\n\t\t\t\t\t\t\t\t\t\t\t<li><a href=\"#\" data-goto=\"0\" aria-label=\"Display slide 1\"><\/a><\/li>\n\t\t\t\t\t\t\t\t\t<\/ol>\n\n\t\t\t\t<div class=\"sow-slide-nav sow-slide-nav-next\">\n\t\t\t\t\t<a href=\"#\" data-goto=\"next\" aria-label=\"Next slide\" data-action=\"next\">\n\t\t\t\t\t\t<em class=\"sow-sld-icon-thin-right\"><\/em>\n\t\t\t\t\t<\/a>\n\t\t\t\t<\/div>\n\n\t\t\t\t<div class=\"sow-slide-nav sow-slide-nav-prev\">\n\t\t\t\t\t<a href=\"#\" data-goto=\"previous\" aria-label=\"Previous slide\" data-action=\"prev\">\n\t\t\t\t\t\t<em class=\"sow-sld-icon-thin-left\"><\/em>\n\t\t\t\t\t<\/a>\n\t\t\t\t<\/div>\n\t\t\t\t<\/div><\/div><\/div><\/div><\/div><\/div><\/div><div id=\"pg-41-1\"  class=\"panel-grid panel-has-style\" ><div class=\"siteorigin-panels-stretch iw-med-dw panel-row-style panel-row-style-for-41-1\" style=\"padding: 100px 0; \" data-stretch-type=\"full-stretched\" data-overlay=\"true\" data-overlay-color=\"#000000\" ><div id=\"pgc-41-1-0\"  class=\"panel-grid-cell\" ><div id=\"panel-41-1-0-0\" class=\"so-panel widget widget_sow-hero panel-first-child panel-last-child\" data-index=\"1\" ><div class=\"hero-section panel-widget-style panel-widget-style-for-41-1-0-0\" style=\"text-align: left;\" id=\"hero-section\" data-title-color=\"#ffffff\" data-headings-color=\"#ffffff\" ><div\n\t\t\t\n\t\t\tclass=\"so-widget-sow-hero so-widget-sow-hero-default-6741f80cb685-41 so-widget-fittext-wrapper\"\n\t\t\t data-fit-text-compressor=\"0.85\"\n\t\t>\t\t\t\t<div class=\"sow-slider-base\" style=\"display: none\" tabindex=\"0\">\n\t\t\t\t\t<ul\n\t\t\t\t\tclass=\"sow-slider-images\"\n\t\t\t\t\tdata-settings=\"{&quot;pagination&quot;:true,&quot;speed&quot;:800,&quot;timeout&quot;:8000,&quot;paused&quot;:false,&quot;pause_on_hover&quot;:false,&quot;swipe&quot;:false,&quot;nav_always_show_desktop&quot;:&quot;&quot;,&quot;nav_always_show_mobile&quot;:&quot;&quot;,&quot;breakpoint&quot;:&quot;780px&quot;,&quot;unmute&quot;:false,&quot;anchor&quot;:null}\"\n\t\t\t\t\tstyle=\"min-height: 100vh\"\t\t\t\t\tdata-anchor-id=\"\"\n\t\t\t\t>\t\t<li class=\"sow-slider-image  sow-slider-image-cover\" style=\"visibility: visible;;background-color: #333333;background-image: url(https:\/\/businessnewshungary.hu\/harmonia\/wp-content\/uploads\/2020\/01\/bg-contact-j.jpg)\" >\n\t\t\t\t\t<div class=\"sow-slider-image-container\">\n\t\t\t<div class=\"sow-slider-image-wrapper\">\n\t\t\t\t<h1>Kapcsolat<\/h1>\n\t\t\t<\/div>\n\t\t<\/div>\n\t\t\t\t<\/li>\n\t\t<\/ul>\t\t\t\t<ol class=\"sow-slider-pagination\">\n\t\t\t\t\t\t\t\t\t\t\t<li><a href=\"#\" data-goto=\"0\" aria-label=\"Display slide 1\"><\/a><\/li>\n\t\t\t\t\t\t\t\t\t<\/ol>\n\n\t\t\t\t<div class=\"sow-slide-nav sow-slide-nav-next\">\n\t\t\t\t\t<a href=\"#\" data-goto=\"next\" aria-label=\"Next slide\" data-action=\"next\">\n\t\t\t\t\t\t<em class=\"sow-sld-icon-thin-right\"><\/em>\n\t\t\t\t\t<\/a>\n\t\t\t\t<\/div>\n\n\t\t\t\t<div class=\"sow-slide-nav sow-slide-nav-prev\">\n\t\t\t\t\t<a href=\"#\" data-goto=\"previous\" aria-label=\"Previous slide\" data-action=\"prev\">\n\t\t\t\t\t\t<em class=\"sow-sld-icon-thin-left\"><\/em>\n\t\t\t\t\t<\/a>\n\t\t\t\t<\/div>\n\t\t\t\t<\/div><\/div><\/div><\/div><\/div><\/div><\/div><div id=\"pg-41-2\"  class=\"panel-grid panel-has-style\" ><div class=\"siteorigin-panels-stretch panel-row-style panel-row-style-for-41-2\" style=\"padding: 100px 0; \" id=\"contact-section\" data-stretch-type=\"full-stretched\" data-overlay=\"true\" data-overlay-color=\"#000000\" ><div id=\"pgc-41-2-0\"  class=\"panel-grid-cell\" ><div id=\"panel-41-2-0-0\" class=\"so-panel widget widget_sow-image panel-first-child panel-last-child\" data-index=\"2\" ><div class=\"aos-init panel-widget-style panel-widget-style-for-41-2-0-0\" style=\"text-align: left;\" data-aos=\"fade-right\" data-aos-duration=\"900\" data-aos-easing=\"ease-out-cubic\" data-aos-anchor-placement=\"top-bottom\" data-aos-once=\"false\" data-title-color=\"#443f3f\" data-headings-color=\"#443f3f\" ><div\n\t\t\t\n\t\t\tclass=\"so-widget-sow-image so-widget-sow-image-default-a258e6bfa2d8-41\"\n\t\t\t\n\t\t>\n<div class=\"sow-image-container\">\n\t\t<img loading=\"lazy\" decoding=\"async\" src=\"https:\/\/businessnewshungary.hu\/harmonia\/wp-content\/uploads\/2019\/10\/udvar02.jpg\" width=\"1200\" height=\"700\" srcset=\"https:\/\/businessnewshungary.hu\/harmonia\/wp-content\/uploads\/2019\/10\/udvar02.jpg 1200w, https:\/\/businessnewshungary.hu\/harmonia\/wp-content\/uploads\/2019\/10\/udvar02-300x175.jpg 300w, https:\/\/businessnewshungary.hu\/harmonia\/wp-content\/uploads\/2019\/10\/udvar02-1024x597.jpg 1024w, https:\/\/businessnewshungary.hu\/harmonia\/wp-content\/uploads\/2019\/10\/udvar02-768x448.jpg 768w, https:\/\/businessnewshungary.hu\/harmonia\/wp-content\/uploads\/2019\/10\/udvar02-830x484.jpg 830w, https:\/\/businessnewshungary.hu\/harmonia\/wp-content\/uploads\/2019\/10\/udvar02-230x134.jpg 230w, https:\/\/businessnewshungary.hu\/harmonia\/wp-content\/uploads\/2019\/10\/udvar02-350x204.jpg 350w, https:\/\/businessnewshungary.hu\/harmonia\/wp-content\/uploads\/2019\/10\/udvar02-480x280.jpg 480w\" sizes=\"auto, (max-width: 1200px) 100vw, 1200px\" alt=\"\" \t\tclass=\"so-widget-image\"\/>\n\t<\/div>\n\n<\/div><\/div><\/div><\/div><div id=\"pgc-41-2-1\"  class=\"panel-grid-cell\" ><div id=\"panel-41-2-1-0\" class=\"so-panel widget widget_sow-editor panel-first-child\" data-index=\"3\" ><div class=\"aos-init panel-widget-style panel-widget-style-for-41-2-1-0\" style=\"text-align: left;\" data-aos=\"fade-left\" data-aos-duration=\"900\" data-aos-easing=\"ease-in-out\" data-aos-anchor-placement=\"top-bottom\" data-aos-once=\"false\" data-title-color=\"#443f3f\" data-headings-color=\"#443f3f\" ><div\n\t\t\t\n\t\t\tclass=\"so-widget-sow-editor so-widget-sow-editor-base\"\n\t\t\t\n\t\t>\n<div class=\"siteorigin-widget-tinymce textwidget\">\n\t<h1>\u00cdrjon nek\u00fcnk<\/h1>\n<\/div>\n<\/div><\/div><\/div><div id=\"panel-41-2-1-1\" class=\"so-panel widget widget_sow-editor panel-last-child\" data-index=\"4\" ><div class=\"aos-init panel-widget-style panel-widget-style-for-41-2-1-1\" style=\"text-align: left;\" data-aos=\"fade\" data-aos-duration=\"900\" data-aos-easing=\"ease-out-cubic\" data-aos-delay=\"300\" data-aos-anchor-placement=\"top-bottom\" data-aos-once=\"false\" data-title-color=\"#443f3f\" data-headings-color=\"#443f3f\" ><div\n\t\t\t\n\t\t\tclass=\"so-widget-sow-editor so-widget-sow-editor-base\"\n\t\t\t\n\t\t>\n<div class=\"siteorigin-widget-tinymce textwidget\">\n\t\n<div class=\"wpcf7 no-js\" id=\"wpcf7-f770-o1\" lang=\"hu-HU\" dir=\"ltr\" data-wpcf7-id=\"770\">\n<div class=\"screen-reader-response\"><p role=\"status\" aria-live=\"polite\" aria-atomic=\"true\"><\/p> <ul><\/ul><\/div>\n<form action=\"\/harmonia\/wp-json\/wp\/v2\/pages\/41#wpcf7-f770-o1\" method=\"post\" class=\"wpcf7-form init\" aria-label=\"Kapcsolatfelv\u00e9teli \u0171rlap\" novalidate=\"novalidate\" data-status=\"init\">\n<div style=\"display: none;\">\n<input type=\"hidden\" name=\"_wpcf7\" value=\"770\" \/>\n<input type=\"hidden\" name=\"_wpcf7_version\" value=\"6.0.5\" \/>\n<input type=\"hidden\" name=\"_wpcf7_locale\" value=\"hu_HU\" \/>\n<input type=\"hidden\" name=\"_wpcf7_unit_tag\" value=\"wpcf7-f770-o1\" \/>\n<input type=\"hidden\" name=\"_wpcf7_container_post\" value=\"0\" \/>\n<input type=\"hidden\" name=\"_wpcf7_posted_data_hash\" value=\"\" \/>\n<\/div>\n<p><label> N\u00e9v*<br \/>\n<span class=\"wpcf7-form-control-wrap\" data-name=\"your-name\"><input size=\"40\" maxlength=\"400\" class=\"wpcf7-form-control wpcf7-text wpcf7-validates-as-required\" aria-required=\"true\" aria-invalid=\"false\" value=\"\" type=\"text\" name=\"your-name\" \/><\/span> <\/label>\n<\/p>\n<p><label> Email*<br \/>\n<span class=\"wpcf7-form-control-wrap\" data-name=\"your-email\"><input size=\"40\" maxlength=\"400\" class=\"wpcf7-form-control wpcf7-email wpcf7-validates-as-required wpcf7-text wpcf7-validates-as-email\" aria-required=\"true\" aria-invalid=\"false\" value=\"\" type=\"email\" name=\"your-email\" \/><\/span> <\/label>\n<\/p>\n<p><label> \u00dczenet*<br \/>\n<span class=\"wpcf7-form-control-wrap\" data-name=\"your-message\"><textarea cols=\"40\" rows=\"10\" maxlength=\"2000\" class=\"wpcf7-form-control wpcf7-textarea\" aria-invalid=\"false\" name=\"your-message\"><\/textarea><\/span> <\/label>\n<\/p>\n<p><input class=\"wpcf7-form-control wpcf7-submit has-spinner\" type=\"submit\" value=\"K\u00dcLD\u00c9S\" \/>\n<\/p><div class=\"wpcf7-response-output\" aria-hidden=\"true\"><\/div>\n<\/form>\n<\/div>\n\n<\/div>\n<\/div><\/div><\/div><\/div><\/div><\/div><\/div>","protected":false},"excerpt":{"rendered":"<p>Kapcsolat Kapcsolat \u00cdrjon nek\u00fcnk N\u00e9v* Email* \u00dczenet*<\/p>\n","protected":false},"author":3,"featured_media":0,"parent":0,"menu_order":0,"comment_status":"closed","ping_status":"closed","template":"page-templates\/page_fullwidth.php","meta":{"footnotes":""},"class_list":["post-41","page","type-page","status-publish","hentry"],"yoast_head":"<!-- This site is optimized with the Yoast SEO plugin v24.8.1 - https:\/\/yoast.com\/wordpress\/plugins\/seo\/ -->\n<title>Kapcsolat | Harm\u00f3nia Palota - Luxus Apartmanok \u00e9s Rendezv\u00e9nytermek<\/title>\n<meta name=\"description\" content=\"L\u00e9pjen vel\u00fcnk kapcsolatba, koll\u00e9g\u00e1ink k\u00e9szs\u00e9ggel \u00e1llnak rendelkez\u00e9sre.\" \/>\n<meta name=\"robots\" content=\"index, follow, max-snippet:-1, max-image-preview:large, max-video-preview:-1\" \/>\n<link rel=\"canonical\" href=\"https:\/\/businessnewshungary.hu\/harmonia\/kapcsolat\/\" \/>\n<meta property=\"og:locale\" content=\"hu_HU\" \/>\n<meta property=\"og:type\" content=\"article\" \/>\n<meta property=\"og:title\" content=\"Kapcsolat | Harm\u00f3nia Palota - Luxus Apartmanok \u00e9s Rendezv\u00e9nytermek\" \/>\n<meta property=\"og:description\" content=\"L\u00e9pjen vel\u00fcnk kapcsolatba, koll\u00e9g\u00e1ink k\u00e9szs\u00e9ggel \u00e1llnak rendelkez\u00e9sre.\" \/>\n<meta property=\"og:url\" content=\"https:\/\/businessnewshungary.hu\/harmonia\/kapcsolat\/\" \/>\n<meta property=\"og:site_name\" content=\"Harm\u00f3nia Palota\" \/>\n<meta property=\"article:modified_time\" content=\"2020-05-16T15:55:57+00:00\" \/>\n<meta name=\"twitter:card\" content=\"summary_large_image\" \/>\n<script type=\"application\/ld+json\" class=\"yoast-schema-graph\">{\"@context\":\"https:\/\/schema.org\",\"@graph\":[{\"@type\":\"WebPage\",\"@id\":\"https:\/\/businessnewshungary.hu\/harmonia\/kapcsolat\/\",\"url\":\"https:\/\/businessnewshungary.hu\/harmonia\/kapcsolat\/\",\"name\":\"Kapcsolat | Harm\u00f3nia Palota - Luxus Apartmanok \u00e9s Rendezv\u00e9nytermek\",\"isPartOf\":{\"@id\":\"https:\/\/businessnewshungary.hu\/harmonia\/#website\"},\"datePublished\":\"2019-10-06T09:45:27+00:00\",\"dateModified\":\"2020-05-16T15:55:57+00:00\",\"description\":\"L\u00e9pjen vel\u00fcnk kapcsolatba, koll\u00e9g\u00e1ink k\u00e9szs\u00e9ggel \u00e1llnak rendelkez\u00e9sre.\",\"breadcrumb\":{\"@id\":\"https:\/\/businessnewshungary.hu\/harmonia\/kapcsolat\/#breadcrumb\"},\"inLanguage\":\"hu\",\"potentialAction\":[{\"@type\":\"ReadAction\",\"target\":[\"https:\/\/businessnewshungary.hu\/harmonia\/kapcsolat\/\"]}]},{\"@type\":\"BreadcrumbList\",\"@id\":\"https:\/\/businessnewshungary.hu\/harmonia\/kapcsolat\/#breadcrumb\",\"itemListElement\":[{\"@type\":\"ListItem\",\"position\":1,\"name\":\"Home\",\"item\":\"https:\/\/businessnewshungary.hu\/harmonia\/\"},{\"@type\":\"ListItem\",\"position\":2,\"name\":\"Kapcsolat\"}]},{\"@type\":\"WebSite\",\"@id\":\"https:\/\/businessnewshungary.hu\/harmonia\/#website\",\"url\":\"https:\/\/businessnewshungary.hu\/harmonia\/\",\"name\":\"Harm\u00f3nia Palota\",\"description\":\"Luxus Apartmanok, Rendezv\u00e9nytermek\",\"potentialAction\":[{\"@type\":\"SearchAction\",\"target\":{\"@type\":\"EntryPoint\",\"urlTemplate\":\"https:\/\/businessnewshungary.hu\/harmonia\/?s={search_term_string}\"},\"query-input\":{\"@type\":\"PropertyValueSpecification\",\"valueRequired\":true,\"valueName\":\"search_term_string\"}}],\"inLanguage\":\"hu\"}]}<\/script>\n<!-- \/ Yoast SEO plugin. -->","yoast_head_json":{"title":"Kapcsolat | Harm\u00f3nia Palota - Luxus Apartmanok \u00e9s Rendezv\u00e9nytermek","description":"L\u00e9pjen vel\u00fcnk kapcsolatba, koll\u00e9g\u00e1ink k\u00e9szs\u00e9ggel \u00e1llnak rendelkez\u00e9sre.","robots":{"index":"index","follow":"follow","max-snippet":"max-snippet:-1","max-image-preview":"max-image-preview:large","max-video-preview":"max-video-preview:-1"},"canonical":"https:\/\/businessnewshungary.hu\/harmonia\/kapcsolat\/","og_locale":"hu_HU","og_type":"article","og_title":"Kapcsolat | Harm\u00f3nia Palota - Luxus Apartmanok \u00e9s Rendezv\u00e9nytermek","og_description":"L\u00e9pjen vel\u00fcnk kapcsolatba, koll\u00e9g\u00e1ink k\u00e9szs\u00e9ggel \u00e1llnak rendelkez\u00e9sre.","og_url":"https:\/\/businessnewshungary.hu\/harmonia\/kapcsolat\/","og_site_name":"Harm\u00f3nia Palota","article_modified_time":"2020-05-16T15:55:57+00:00","twitter_card":"summary_large_image","schema":{"@context":"https:\/\/schema.org","@graph":[{"@type":"WebPage","@id":"https:\/\/businessnewshungary.hu\/harmonia\/kapcsolat\/","url":"https:\/\/businessnewshungary.hu\/harmonia\/kapcsolat\/","name":"Kapcsolat | Harm\u00f3nia Palota - Luxus Apartmanok \u00e9s Rendezv\u00e9nytermek","isPartOf":{"@id":"https:\/\/businessnewshungary.hu\/harmonia\/#website"},"datePublished":"2019-10-06T09:45:27+00:00","dateModified":"2020-05-16T15:55:57+00:00","description":"L\u00e9pjen vel\u00fcnk kapcsolatba, koll\u00e9g\u00e1ink k\u00e9szs\u00e9ggel \u00e1llnak rendelkez\u00e9sre.","breadcrumb":{"@id":"https:\/\/businessnewshungary.hu\/harmonia\/kapcsolat\/#breadcrumb"},"inLanguage":"hu","potentialAction":[{"@type":"ReadAction","target":["https:\/\/businessnewshungary.hu\/harmonia\/kapcsolat\/"]}]},{"@type":"BreadcrumbList","@id":"https:\/\/businessnewshungary.hu\/harmonia\/kapcsolat\/#breadcrumb","itemListElement":[{"@type":"ListItem","position":1,"name":"Home","item":"https:\/\/businessnewshungary.hu\/harmonia\/"},{"@type":"ListItem","position":2,"name":"Kapcsolat"}]},{"@type":"WebSite","@id":"https:\/\/businessnewshungary.hu\/harmonia\/#website","url":"https:\/\/businessnewshungary.hu\/harmonia\/","name":"Harm\u00f3nia Palota","description":"Luxus Apartmanok, Rendezv\u00e9nytermek","potentialAction":[{"@type":"SearchAction","target":{"@type":"EntryPoint","urlTemplate":"https:\/\/businessnewshungary.hu\/harmonia\/?s={search_term_string}"},"query-input":{"@type":"PropertyValueSpecification","valueRequired":true,"valueName":"search_term_string"}}],"inLanguage":"hu"}]}},"_links":{"self":[{"href":"https:\/\/businessnewshungary.hu\/harmonia\/wp-json\/wp\/v2\/pages\/41","targetHints":{"allow":["GET"]}}],"collection":[{"href":"https:\/\/businessnewshungary.hu\/harmonia\/wp-json\/wp\/v2\/pages"}],"about":[{"href":"https:\/\/businessnewshungary.hu\/harmonia\/wp-json\/wp\/v2\/types\/page"}],"author":[{"embeddable":true,"href":"https:\/\/businessnewshungary.hu\/harmonia\/wp-json\/wp\/v2\/users\/3"}],"replies":[{"embeddable":true,"href":"https:\/\/businessnewshungary.hu\/harmonia\/wp-json\/wp\/v2\/comments?post=41"}],"version-history":[{"count":59,"href":"https:\/\/businessnewshungary.hu\/harmonia\/wp-json\/wp\/v2\/pages\/41\/revisions"}],"predecessor-version":[{"id":4375,"href":"https:\/\/businessnewshungary.hu\/harmonia\/wp-json\/wp\/v2\/pages\/41\/revisions\/4375"}],"wp:attachment":[{"href":"https:\/\/businessnewshungary.hu\/harmonia\/wp-json\/wp\/v2\/media?parent=41"}],"curies":[{"name":"wp","href":"https:\/\/api.w.org\/{rel}","templated":true}]}}